{"id":63,"date":"2016-11-04T10:50:53","date_gmt":"2016-11-04T10:50:53","guid":{"rendered":"http:\/\/193.206.103.52\/?page_id=63"},"modified":"2025-09-02T16:50:31","modified_gmt":"2025-09-02T16:50:31","slug":"presentazione-cid","status":"publish","type":"page","link":"https:\/\/inclusione.unicampania.it\/","title":{"rendered":"Benvenuti nel sito del CID"},"content":{"rendered":"<header class=\"entry-header\"><\/header>\n<div class=\"entry-content\">\n<p><span style=\"color: #000000; font-size: 1.25rem; font-weight: bold;\">Servizi del CID su appuntamento<\/span><\/p>\n<\/div>\n<p><span style=\"color: #000000;\">Si informano tutti gli interessati che le richieste e i contatti con gli studenti sono gestiti per appuntamento tramite email o telefono:<br \/>\n<\/span><span style=\"color: #000000;\">Per informazioni e contatti,<strong> dal lunedi al venerdi ore 9.00 - 14.00<br \/>\n<\/strong><\/span><span style=\"color: #000000;\">Telefono: <b>0823 274402<br \/>\n<\/b><\/span><span style=\"color: #ff0000;\"><span style=\"color: #000000;\">posta elettronica: <strong><a style=\"color: #000000;\" href=\"mailto:cid.inclusione@unicampania.it\">cid.inclusione@unicampania.it<\/a><\/strong><\/span><\/span><\/p>\n<hr \/>\n<p><b>Il CID \u00e8 il\u00a0Centro di Ateneo per l'Inclusione degli Studenti con Disabilit\u00e0 e DSA (Disturbi Specifici dell'Apprendimento) dell'Universit\u00e0 degli Studi della Campania Luigi Vanvitelli<\/b><\/p>\n<p>Il CID \u00e8 il primo interlocutore per tutti gli studenti dell'universit\u00e0 che si trovano a sperimentare situazioni di difficolt\u00e0 nell'accesso allo studio a causa di disabilit\u00e0 o disturbi dell'apprendimento. Esso svolge attivit\u00e0 di orientamento e sostegno in tutte le fasi del percorso di studi, fornendo servizi di tutorato specializzato e tutorato alla pari. La legge 17\/99, che ha modificato ed integrato la legge 104\/92, ha fornito finanziamenti e direttive specifiche agli Atenei italiani in merito alle attivit\u00e0 da realizzare in favore degli studenti con\u00a0 disabilit\u00e0. In particolare ha previsto che ciascun Ateneo nomini un Delegato per la Disabilit\u00e0, stanziando un capitolo di finanziamento, agli Atenei, vincolato alla Disabilit\u00e0. Contemporaneamente ha imposto che ciascuna Universit\u00e0 eroghi servizi per l'integrazione degli studenti disabili.<br \/>\n<strong>Che cosa offre il CID?<\/strong> Il centro offre servizi personalizzati volti al miglioramento della qualit\u00e0 della vita universitaria per gli studenti che sperimentano una condizione di limitazione nella partecipazione alle attivit\u00e0 accademiche. Tutte le azioni del centro sono realizzate per rispondere alle diverse esigenze degli studenti durante il proprio percorso formativo, garantendo assistenza tecnica specializzata.<br \/>\n<strong>Chi sono i nostri utenti?<\/strong> Tutti gli studenti in procinto di iscriversi, o regolarmente iscritti alla Universit\u00e0 degli Studi della Campania Luigi Vanvitelli, possono rivolgersi al CID. In particolare, i servizi sono dedicati a:<br \/>\n\u2022 Studenti con disabilit\u00e0 (Legge 17\/99 e legge 104\/92)<br \/>\n\u2022 Studenti con DSA (Legge 170\/2010)<br \/>\n\u2022 Studenti in condizione di disagio o difficolt\u00e0 transitorie<br \/>\n<strong>I servizi offerti dal centro sono:<br \/>\n<\/strong>\u2022 Sportello di accoglienza<strong><br \/>\n<\/strong>\u2022 Progettazione di interventi personalizzati<strong><br \/>\n<\/strong>\u2022 Affiancamento alla mobilit\u00e0 all\u2019interno dell\u2019Ateneo<strong><br \/>\n<\/strong>\u2022 Sostegno alla didattica<strong><br \/>\n<\/strong>\u2022 Predisposizione di prove equipollenti<strong><br \/>\n<\/strong>\u2022 Realizzazione di materiale didattico accessibile<strong><br \/>\n<\/strong>\u2022 Supporto tecnico nell\u2019utilizzo delle tecnologie assistive e ICT<br \/>\n\u2022 Supporto alla mobilit\u00e0 all'interno dell'Ateneo<br \/>\n\u2022 <a href=\"https:\/\/inclusione.unicampania.it\/index.php\/occupabilita\/\">Sportello di Placement Specializzato<\/a> per il supporto all\u2019inserimento lavorativo<br \/>\n\u2022 Mobilit\u00e0 Internazionale: il Cid promuove i programmi di Mobilit\u00e0 internazionale e affianca gli studenti iscritti ai servizi di tutorato nella fase di orientamento e nella fase di espletamento delle pratiche burocratiche<br \/>\n<strong>Come si accede ai servizi?<br \/>\n<\/strong>Per accedere ai servizi, occorre richiedere un incontro con gli operatori del CID:<br \/>\n\u2022 <b>telefonando dal luned\u00ec, al venerd\u00ec dalle 09.00 alle 14.00 al num. 0823 274402;<\/b><br \/>\n\u2022<b> inviando una email all\u2019indirizzo: <a href=\"mailto:cid.inclusione@unicampania.it\">cid.inclusione@unicampania.it<\/a><\/b><\/p>\n<p><a href=\"https:\/\/inclusione.unicampania.it\/wp-content\/uploads\/2023\/03\/CID_depliant-2.pdf\" target=\"_blank\" rel=\"noopener noreferrer\">Scarica il depliant del CID in formato PDF (si aprir\u00e0 una nuova finestra)<\/a><\/p>\n<p><a href=\"https:\/\/inclusione.unicampania.it\/wp-content\/uploads\/2025\/06\/Carta-dei-Servizi-2024-2025.pdf\" target=\"_blank\" rel=\"noopener noreferrer\">Scarica la Carta dei Servizi del CID in formato PDF (si aprir\u00e0 una nuova finestra)<\/a><\/p>\n","protected":false},"excerpt":{"rendered":"<p>Servizi del CID su appuntamento Si informano tutti gli interessati che le richieste e i contatti con gli studenti sono gestiti per appuntamento tramite email o telefono: Per informazioni e contatti, dal lunedi al venerdi ore 9.00 - 14.00 Telefono: 0823 274402 posta elettronica: cid.inclusione@unicampania.it Il CID \u00e8 il\u00a0Centro di Ateneo per l'Inclusione degli Studenti <a href=\"https:\/\/inclusione.unicampania.it\/\" class=\"more-link\">...continua a leggere<span class=\"screen-reader-text\"> \"Benvenuti nel sito del CID\"<\/span><\/a><\/p>\n","protected":false},"author":1,"featured_media":0,"parent":0,"menu_order":0,"comment_status":"closed","ping_status":"closed","template":"","meta":{"footnotes":""},"class_list":["post-63","page","type-page","status-publish","h-entry","hentry","h-as-page"],"_links":{"self":[{"href":"https:\/\/inclusione.unicampania.it\/index.php\/wp-json\/wp\/v2\/pages\/63"}],"collection":[{"href":"https:\/\/inclusione.unicampania.it\/index.php\/wp-json\/wp\/v2\/pages"}],"about":[{"href":"https:\/\/inclusione.unicampania.it\/index.php\/wp-json\/wp\/v2\/types\/page"}],"author":[{"embeddable":true,"href":"https:\/\/inclusione.unicampania.it\/index.php\/wp-json\/wp\/v2\/users\/1"}],"replies":[{"embeddable":true,"href":"https:\/\/inclusione.unicampania.it\/index.php\/wp-json\/wp\/v2\/comments?post=63"}],"version-history":[{"count":100,"href":"https:\/\/inclusione.unicampania.it\/index.php\/wp-json\/wp\/v2\/pages\/63\/revisions"}],"predecessor-version":[{"id":20150,"href":"https:\/\/inclusione.unicampania.it\/index.php\/wp-json\/wp\/v2\/pages\/63\/revisions\/20150"}],"wp:attachment":[{"href":"https:\/\/inclusione.unicampania.it\/index.php\/wp-json\/wp\/v2\/media?parent=63"}],"curies":[{"name":"wp","href":"https:\/\/api.w.org\/{rel}","templated":true}]}}