{"id":29,"date":"2016-10-11T07:48:57","date_gmt":"2016-10-11T07:48:57","guid":{"rendered":"http:\/\/193.206.103.52\/?page_id=29"},"modified":"2023-01-30T17:17:37","modified_gmt":"2023-01-30T17:17:37","slug":"delegato-e-referenti","status":"publish","type":"page","link":"https:\/\/inclusione.unicampania.it\/index.php\/delegato-e-referenti\/","title":{"rendered":"Delegato e referenti"},"content":{"rendered":"<p>L'Universit\u00e0 degli Studi della Campania Luigi Vanvitelli, si \u00e8 organizzata per fornire i servizi di tutorato specializzato ai suoi studenti con disabilit\u00e0 e con DSA, individuando un Delegato del Rettore, per tutte le problematiche legate all'inclusione in tutto l'Ateneo. In ogni Dipartimento, poi, \u00e8 stato individuato un referente, uno\u00a0 dei docenti del Dipartimento stesso, in grado di avere un rapporto pi\u00f9 diretto con il singolo studente in relazione al contesto didattico-amministrativo in cui vive la sua esperienza di studio.<br \/>\nDi seguito sono riportati i nominativi e i recapiti del Delegato del Rettore e dei singoli Referenti di Dipartimento.<\/p>\n<p><b>Delegato del Rettore per la disabilit\u00e0<\/b>: Prof. Vasco D'Agnese, Tel. 0823 274771 - email: <a href=\"mailto:vasco.dagnese@unicampania.it\">vasco.dagnese@unicampania.it<\/a><\/p>\n<h4>Referenti per i Dipartimenti:<\/h4>\n<p><b>\u2022 <a href=\"http:\/\/www.architettura.unicampania.it\" target=\"_blank\" rel=\"noopener noreferrer\">Dipartimento di Architettura<\/a><\/b>: Prof.ssa Danila Jacazzi, Tel. 081 8120208 - email: <a href=\"mailto:danila.jacazzi@unicampania.it\">danila.jacazzi@unicampania.it<\/a><\/p>\n<p><b>\u2022 Dipartimenti di Area Medica<\/b>: Prof.ssa Daniela Pasquali, Tel. 081 5665046 - email: <a href=\"mailto:daniela.pasquali@unicampania.it\">daniela.pasquali@unicampania.it<\/a><\/p>\n<p><b><a href=\"http:\/\/www.distabif.unicampania.it\/\" target=\"_blank\" rel=\"noopener noreferrer\">Dipartimento di Scienze e Tecnologie Ambientali, Biologiche e Farmaceutiche \"Di.S.T.A.Bi.F\"<\/a><\/b>: Prof. Gaetano Malgieri - Tel. 0823 274591 - email:\u00a0<a role=\"link\" href=\"mailto:gaetano.malgieri@unicampania.it\">gaetano.malgieri@unicampania.it<\/a><\/p>\n<p><b>\u2022<a href=\"http:\/\/www.economia.unicampania.it\/\"> Dipartimento di Economia<\/a><\/b>: Prof.ssa Clelia Fiondella, Tel. 0823 274500 - email: <a href=\"mailto:clelia.fiondella@unicampania.it\">clelia.fiondella@unicampania.it<\/a><\/p>\n<p><b>\u2022 <a href=\"http:\/\/www.giurisprudenza.unicampania.it\/\">Dipartimento di Giurisprudenza<\/a><\/b>: Prof.ssa Carmela di Carluccio - Tel. 0823 274855 - email:\u00a0<a role=\"link\" href=\"mailto:carmela.dicarluccio@unicampania.it\">carmela.dicarluccio@unicampania.it<\/a><\/p>\n<p><b>\u2022<a href=\"http:\/\/www.ingegneria.unicampania.it\/\" target=\"_blank\" rel=\"noopener noreferrer\"> Dipartimento di Ingegneria<\/a><\/b>: Prof. Alessandro Lo Schiavo, Tel. 081 5010244 - Fax. 081\/5037042 - email: <a href=\"mailto:alessandro.loschiavo@unicampania.it\">alessandro.loschiavo@unicampania.it<\/a><\/p>\n<p><b>\u2022<a href=\"http:\/\/www.letterebeniculturali.unicampania.it\/\" target=\"_blank\" rel=\"noopener noreferrer\"> Dipartimento di Lettere e Beni culturali \"DiLBEC\"<\/a><\/b>: Prof.ssa Maria Gabriella Pezone, Tel. 0823 274332 - email: <a href=\"mailto:mariagabriella.pezone@unicampania.it\">mariagabriella.pezone@unicampania.it<\/a><\/p>\n<p><b><a href=\"http:\/\/www.matfis.unicampania.it\/\" target=\"_blank\" rel=\"noopener noreferrer\">Dipartimento di Matematica e Fisica<\/a><\/b>: Prof. Carlo Sabbarese, Tel. 0823 274633 - Fax 0823 274571 - email: <a href=\"mailto:carlo.sabbarese@unicampania.it\">carlo.sabbarese@unicampania.it<\/a><\/p>\n<p><b>\u2022<a href=\"http:\/\/www.psicologia.unicampania.it\/\" target=\"_blank\" rel=\"noopener noreferrer\"> Dipartimento di Psicologia<\/a><\/b>: Prof. ssa Lucia Ariemma, Tel. 0823 275339 - email: <a href=\"mailto:lucia.ariemma@unicampania.it\">lucia.ariemma@unicampania.it<\/a><\/p>\n<p><b>\u2022<a href=\"http:\/\/www.jeanmonnet.unicampania.it\/\" target=\"_blank\" rel=\"noopener noreferrer\"> Dipartimento di Scienze Politiche \"Jean Monnet\"<\/a><\/b>: Dr. Clara Mariconda, Tel. 0823 275361 - email: <a href=\"mailto:c.mariconda@virgilio.it\">c.mariconda@virgilio.it<\/a><\/p>\n","protected":false},"excerpt":{"rendered":"<p>L'Universit\u00e0 degli Studi della Campania Luigi Vanvitelli, si \u00e8 organizzata per fornire i servizi di tutorato specializzato ai suoi studenti con disabilit\u00e0 e con DSA, individuando un Delegato del Rettore, per tutte le problematiche legate all'inclusione in tutto l'Ateneo. In ogni Dipartimento, poi, \u00e8 stato individuato un referente, uno\u00a0 dei docenti del Dipartimento stesso, in <a href=\"https:\/\/inclusione.unicampania.it\/index.php\/delegato-e-referenti\/\" class=\"more-link\">...continua a leggere<span class=\"screen-reader-text\"> \"Delegato e referenti\"<\/span><\/a><\/p>\n","protected":false},"author":1,"featured_media":0,"parent":0,"menu_order":0,"comment_status":"closed","ping_status":"closed","template":"","meta":{"footnotes":""},"class_list":["post-29","page","type-page","status-publish","h-entry","hentry","h-as-page"],"_links":{"self":[{"href":"https:\/\/inclusione.unicampania.it\/index.php\/wp-json\/wp\/v2\/pages\/29"}],"collection":[{"href":"https:\/\/inclusione.unicampania.it\/index.php\/wp-json\/wp\/v2\/pages"}],"about":[{"href":"https:\/\/inclusione.unicampania.it\/index.php\/wp-json\/wp\/v2\/types\/page"}],"author":[{"embeddable":true,"href":"https:\/\/inclusione.unicampania.it\/index.php\/wp-json\/wp\/v2\/users\/1"}],"replies":[{"embeddable":true,"href":"https:\/\/inclusione.unicampania.it\/index.php\/wp-json\/wp\/v2\/comments?post=29"}],"version-history":[{"count":23,"href":"https:\/\/inclusione.unicampania.it\/index.php\/wp-json\/wp\/v2\/pages\/29\/revisions"}],"predecessor-version":[{"id":19274,"href":"https:\/\/inclusione.unicampania.it\/index.php\/wp-json\/wp\/v2\/pages\/29\/revisions\/19274"}],"wp:attachment":[{"href":"https:\/\/inclusione.unicampania.it\/index.php\/wp-json\/wp\/v2\/media?parent=29"}],"curies":[{"name":"wp","href":"https:\/\/api.w.org\/{rel}","templated":true}]}}