{"id":2,"date":"2016-05-30T18:20:34","date_gmt":"2016-05-30T18:20:34","guid":{"rendered":"http:\/\/10.224.224.52\/?page_id=2"},"modified":"2022-09-01T17:02:31","modified_gmt":"2022-09-01T17:02:31","slug":"dsa","status":"publish","type":"page","link":"https:\/\/inclusione.unicampania.it\/index.php\/dsa\/","title":{"rendered":"DSA"},"content":{"rendered":"<p>I DSA (Disturbi Specifici dell'Apprendimento) sono: dislessia, discalculia, disgrafia e disortografia.<\/p>\n<p>L\u2019acronimo DSA (Disturbi Specifici di Apprendimento) indica l\u2019insieme dei problemi incontrati nell\u2019imparare a leggere, scrivere e far di conto. Tra questi la dislessia \u00e8 una delle forme di cui maggiormente si sente parlare. Ci sono studenti che arrivano all\u2019Universit\u00e0 senza che il problema sia mai stato correttamente individuato spesso perch\u00e9 confuso con pigrizia.<\/p>\n<p>Naturalmente, tutto ci\u00f2 pu\u00f2 provocare disagio e sconforto, in particolare nello studio che per i dislessici \u00e8 pi\u00f9 faticoso, ma assolutamente possibile.<\/p>\n<p>Molti personaggi famosi erano probabilmente dislessici e per essi la dislessia non solo non \u00e8 stato un impedimento ma, secondo alcuni, ha facilitato il raggiungimento di obiettivi elevatissimi. Citiamo per tutti Leonardo da Vinci.<\/p>\n<p>Se vuoi potrai anche prenotarti presso lo stesso Centro per avere un colloquio con un esperto, al fine di conoscere i possibili strumenti dispensativi e compensativi offerti in Ateneo per rendere agevole lo studio (ad es. l\u2019allungamento dei tempi negli esami scritti,\u00a0 l\u2019uso di materiale in formato digitale, supporti personalizzati, etc).<\/p>\n<p>Il CID offre agli studenti che si trovano in questa condizione i seguenti servizi:<\/p>\n<ul>\n<li>Sportello di accoglienza;<\/li>\n<li>Progettazione di interventi personalizzati;<\/li>\n<li>Sostegno alla didattica;<\/li>\n<li>Predisposizione di prove equipollenti;<\/li>\n<li>Realizzazione di materiale didattico fruibile attraverso strumenti compensativi;<\/li>\n<li>Supporto tecnico nell'utilizzo delle tecnologie compensative e ICT.<\/li>\n<\/ul>\n<p>&nbsp;<\/p>\n","protected":false},"excerpt":{"rendered":"<p>I DSA (Disturbi Specifici dell'Apprendimento) sono: dislessia, discalculia, disgrafia e disortografia. L\u2019acronimo DSA (Disturbi Specifici di Apprendimento) indica l\u2019insieme dei problemi incontrati nell\u2019imparare a leggere, scrivere e far di conto. Tra questi la dislessia \u00e8 una delle forme di cui maggiormente si sente parlare. Ci sono studenti che arrivano all\u2019Universit\u00e0 senza che il problema sia <a href=\"https:\/\/inclusione.unicampania.it\/index.php\/dsa\/\" class=\"more-link\">...continua a leggere<span class=\"screen-reader-text\"> \"DSA\"<\/span><\/a><\/p>\n","protected":false},"author":1,"featured_media":0,"parent":0,"menu_order":0,"comment_status":"closed","ping_status":"open","template":"","meta":{"footnotes":""},"class_list":["post-2","page","type-page","status-publish","h-entry","hentry","h-as-page"],"_links":{"self":[{"href":"https:\/\/inclusione.unicampania.it\/index.php\/wp-json\/wp\/v2\/pages\/2"}],"collection":[{"href":"https:\/\/inclusione.unicampania.it\/index.php\/wp-json\/wp\/v2\/pages"}],"about":[{"href":"https:\/\/inclusione.unicampania.it\/index.php\/wp-json\/wp\/v2\/types\/page"}],"author":[{"embeddable":true,"href":"https:\/\/inclusione.unicampania.it\/index.php\/wp-json\/wp\/v2\/users\/1"}],"replies":[{"embeddable":true,"href":"https:\/\/inclusione.unicampania.it\/index.php\/wp-json\/wp\/v2\/comments?post=2"}],"version-history":[{"count":6,"href":"https:\/\/inclusione.unicampania.it\/index.php\/wp-json\/wp\/v2\/pages\/2\/revisions"}],"predecessor-version":[{"id":19046,"href":"https:\/\/inclusione.unicampania.it\/index.php\/wp-json\/wp\/v2\/pages\/2\/revisions\/19046"}],"wp:attachment":[{"href":"https:\/\/inclusione.unicampania.it\/index.php\/wp-json\/wp\/v2\/media?parent=2"}],"curies":[{"name":"wp","href":"https:\/\/api.w.org\/{rel}","templated":true}]}}