{"id":19556,"date":"2023-04-07T09:22:51","date_gmt":"2023-04-07T09:22:51","guid":{"rendered":"https:\/\/inclusione.unicampania.it\/?page_id=19556"},"modified":"2025-04-11T09:00:30","modified_gmt":"2025-04-11T09:00:30","slug":"orientamento","status":"publish","type":"page","link":"https:\/\/inclusione.unicampania.it\/index.php\/orientamento\/","title":{"rendered":"Orientamento"},"content":{"rendered":"<p>In collaborazione con il <a href=\"https:\/\/www.unicampania.it\/index.php\/studenti\/orientamento\" target=\"_blank\" rel=\"noopener\">Servizio Orientamento dell'Ateneo<\/a>, il CID partecipa agli eventi di orientamento destinati agli studenti che intendono iscriversi all'Universit\u00e0.<\/p>\n<p>Inoltre, offre colloqui informativi e di orientamento agli studenti con disabilit\u00e0 e DSA che vogliono iscriversi all'Universit\u00e0, per scegliere i percorsi di studio pi\u00f9 adeguati e conoscere i servizi che l'Ateneo mette a disposizione.<\/p>\n<p>Per richiedere un colloquio \u00e8 possibile telefonare allo <b>0823 274402<\/b>, dal lunedi al venerdi ore 9.00 - 14.00, oppure inviare una e-mail a: <strong><a role=\"link\" href=\"mailto:cid.inclusione@unicampania.it\">cid.inclusione@unicampania.it<\/a><\/strong><\/p>\n<hr \/>\n<h3>Eventi di orientamento e diffusione dell'informazione:<\/h3>\n<p><a href=\"https:\/\/inclusione.unicampania.it\/index.php\/2025\/04\/11\/vanvitelli-orienta-2025\/\">Vanvitelli Orienta - 10 e 11 aprile 2025<\/a><\/p>\n<p><a href=\"https:\/\/inclusione.unicampania.it\/index.php\/2024\/04\/02\/vanvitelli-orienta-2024\/\">Vanvitelli Orienta - 11 e 12 aprile 2024<\/a><\/p>\n<p>High School game - 5 aprile 2023<\/p>\n<p><a href=\"https:\/\/inclusione.unicampania.it\/index.php\/2023\/03\/28\/vanvitelli-orienta-2023\/\">Vanvitelli Orienta - 30 e 31 marzo 2023<\/a><\/p>\n<p>&nbsp;<\/p>\n","protected":false},"excerpt":{"rendered":"<p>In collaborazione con il Servizio Orientamento dell'Ateneo, il CID partecipa agli eventi di orientamento destinati agli studenti che intendono iscriversi all'Universit\u00e0. Inoltre, offre colloqui informativi e di orientamento agli studenti con disabilit\u00e0 e DSA che vogliono iscriversi all'Universit\u00e0, per scegliere i percorsi di studio pi\u00f9 adeguati e conoscere i servizi che l'Ateneo mette a disposizione. <a href=\"https:\/\/inclusione.unicampania.it\/index.php\/orientamento\/\" class=\"more-link\">...continua a leggere<span class=\"screen-reader-text\"> \"Orientamento\"<\/span><\/a><\/p>\n","protected":false},"author":1,"featured_media":0,"parent":0,"menu_order":0,"comment_status":"closed","ping_status":"closed","template":"","meta":{"footnotes":""},"class_list":["post-19556","page","type-page","status-publish","h-entry","hentry","h-as-page"],"_links":{"self":[{"href":"https:\/\/inclusione.unicampania.it\/index.php\/wp-json\/wp\/v2\/pages\/19556"}],"collection":[{"href":"https:\/\/inclusione.unicampania.it\/index.php\/wp-json\/wp\/v2\/pages"}],"about":[{"href":"https:\/\/inclusione.unicampania.it\/index.php\/wp-json\/wp\/v2\/types\/page"}],"author":[{"embeddable":true,"href":"https:\/\/inclusione.unicampania.it\/index.php\/wp-json\/wp\/v2\/users\/1"}],"replies":[{"embeddable":true,"href":"https:\/\/inclusione.unicampania.it\/index.php\/wp-json\/wp\/v2\/comments?post=19556"}],"version-history":[{"count":12,"href":"https:\/\/inclusione.unicampania.it\/index.php\/wp-json\/wp\/v2\/pages\/19556\/revisions"}],"predecessor-version":[{"id":20067,"href":"https:\/\/inclusione.unicampania.it\/index.php\/wp-json\/wp\/v2\/pages\/19556\/revisions\/20067"}],"wp:attachment":[{"href":"https:\/\/inclusione.unicampania.it\/index.php\/wp-json\/wp\/v2\/media?parent=19556"}],"curies":[{"name":"wp","href":"https:\/\/api.w.org\/{rel}","templated":true}]}}